{"id":473,"date":"2026-03-10T09:20:44","date_gmt":"2026-03-10T09:20:44","guid":{"rendered":"https:\/\/autorecambiosgimosur.com\/?page_id=473"},"modified":"2026-03-10T09:26:16","modified_gmt":"2026-03-10T09:26:16","slug":"accesibilidad","status":"publish","type":"page","link":"https:\/\/autorecambiosgimosur.com\/index.php\/accesibilidad\/","title":{"rendered":"Accesibilidad"},"content":{"rendered":"\t\t<div data-elementor-type=\"wp-page\" data-elementor-id=\"473\" class=\"elementor elementor-473\" data-elementor-post-type=\"page\">\n\t\t\t\t<div class=\"elementor-element elementor-element-799c47e8 e-flex e-con-boxed e-con e-parent\" data-id=\"799c47e8\" data-element_type=\"container\" data-e-type=\"container\">\n\t\t\t\t\t<div class=\"e-con-inner\">\n\t\t\t\t<div class=\"elementor-element elementor-element-2aef15e elementor-widget elementor-widget-heading\" data-id=\"2aef15e\" data-element_type=\"widget\" data-e-type=\"widget\" data-widget_type=\"heading.default\">\n\t\t\t\t\t<h2 class=\"elementor-heading-title elementor-size-default\">Accesibilidad<\/h2>\t\t\t\t<\/div>\n\t\t\t\t<div class=\"elementor-element elementor-element-60124f20 elementor-widget elementor-widget-text-editor\" data-id=\"60124f20\" data-element_type=\"widget\" data-e-type=\"widget\" data-widget_type=\"text-editor.default\">\n\t\t\t\t\t\t\t\t\t<p>autorecambiosgimosur.com se ha comprometido a hacer accesible su sitio web.<\/p>\n<p>La presente declaraci\u00f3n de accesibilidad se aplica al sitio web&nbsp;<span style=\"font-size: 1rem;\">autorecambiosgimosur.com<\/span><\/p>\n<p><strong>SITUACI\u00d3N DE CUMPLIMIENTO<\/strong><\/p>\n<p>Este sitio web es parcialmente conforme con el&nbsp;RD 1112\/2018&nbsp;debido a las excepciones y a la falta de conformidad de los aspectos que se indican en el siguiente punto.<\/p>\n<p><strong>CONTENIDO NO ACCESIBLE<\/strong><\/p>\n<p>El contenido que se recoge a continuaci\u00f3n no es accesible por lo siguiente:<\/p>\n<p><strong>\u2013 Falta de conformidad con el RD 1112\/2018<br><\/strong>Existe contenido audiovisual que no incluye audio descripci\u00f3n o medio alternativo [Requisito n\u00famero 1.2.3 Audiodescripci\u00f3n o medio alternativo] y audiodescripcion grabada [Requisito 1.2.5 Audiodescripci\u00f3n (Grabado)].<\/p>\n<p>Podr\u00edan existir errores de c\u00f3digo puntuales de edici\u00f3n en alguna p\u00e1gina web. [4.1.1 Procesamiento]<\/p>\n<p>Podr\u00edan existir algunos componentes de la interfaz de usuario que no se encuentren etiquetados correctamente. [4.1.2 Nombre, funci\u00f3n, valor]<\/p>\n<p><strong>\u2013 Carga desproporcionada<br><\/strong>No aplica.<\/p>\n<p><strong>\u2013 El contenido no entra dentro del \u00e1mbito de la legislaci\u00f3n aplicable<br><\/strong>Podr\u00edan existir archivos ofim\u00e1ticos en PDF u otros formatos publicados que no cumplan en su totalidad todos los requisitos de accesibilidad. Aunque se ha procurado que la mayor\u00eda de ellos s\u00ed lo cumplan.<\/p>\n<p><strong>PREPARACI\u00d3N DE LA PRESENTE DECLARACI\u00d3N DE ACCESIBILIDAD<\/strong><\/p>\n<p>La presente declaraci\u00f3n fue preparada en Enero de 2023.<\/p>\n<p>El m\u00e9todo empleado para preparar la declaraci\u00f3n ha sido una autoevaluaci\u00f3n llevada a cabo por el propio organismo.<\/p>\n<p>La Declaraci\u00f3n de Accesibilidad ha sido revisada y actualizada en Enero de 2023.<\/p>\n<p><strong>OBSERVACIONES Y DATOS DE CONTACTO<\/strong><\/p>\n<p>Puede realizar comunicaciones sobre requisitos de accesibilidad (art\u00edculo 10.2.a del RD 1112\/2018) como por ejemplo:<\/p>\n<p>\u2013 informar sobre cualquier posible incumplimiento por parte de este sitio web<br>\u2013 transmitir otras dificultades de acceso al contenido<br>\u2013 formular cualquier otra consulta o sugerencia de mejora relativa a la accesibilidad del sitio web<br>a trav\u00e9s de&nbsp;<span style=\"background-color: rgb(255, 255, 255); font-size: 1rem;\">alcantarilla@autorecambiosgimosur.com<\/span><\/p>\n<p>Puede presentar:<\/p>\n<p><strong>Queja&nbsp;<\/strong>relativa al cumplimiento de los requisitos del RD 1112\/2018 o<br><strong>Solicitud de Informaci\u00f3n accesible relativa a:<\/strong>&nbsp;Contenidos que est\u00e1n excluidos del \u00e1mbito de aplicaci\u00f3n del RD 1112\/2018 seg\u00fan lo establecido por el art\u00edculo 3, apartado 4. Contenidos que est\u00e1n exentos del cumplimiento de los requisitos de accesibilidad por imponer una carga desproporcionada.<br>En la Solicitud de informaci\u00f3n accesible, se debe concretar, con toda claridad, los hechos, razones y petici\u00f3n que permitan constatar que se trata de una solicitud razonable y leg\u00edtima.<\/p>\n<p>Las quejas y reclamaciones sobre informaci\u00f3n accesible se realizar\u00e1n a trav\u00e9s de&nbsp;<a href=\"mailto:%20alcantarilla@autorecambiosgimosur.com\" target=\"_blank\" style=\"font-size: 1rem; background-color: rgb(255, 255, 255);\">alcantarilla@autorecambiosgimosur.com<\/a><\/p>\n<p><strong>CONTENIDO OPCIONAL<\/strong><\/p>\n<p>Este portal est\u00e1 dise\u00f1ado para poder cambiar el tama\u00f1o del texto y el color, as\u00ed como el fondo de la p\u00e1gina mediante las opciones de configuraci\u00f3n est\u00e1ndar de los navegadores.<\/p>\n<p>Si desea cambiar el tama\u00f1o de letra del texto en los principales navegadores gr\u00e1ficos utilice los siguientes men\u00fas:<\/p>\n<p>\u2013 Internet Explorer, Mozilla y Firefox: Ver &gt; Tama\u00f1o del texto<br>\u2013 Opera: Ver &gt; Zoom<br>\u2013 Safari: Ver &gt; Hacer el texto m\u00e1s grande<br>\u2013 Chrome: Controla la p\u00e1gina actual &gt; Tama\u00f1o del texto<br>\u2013 Para modificar el tama\u00f1o de todo en la p\u00e1gina:<br>Ctrl + + para aumentarlo<br>Ctrl + \u2013 para disminuirlo<br>Ctrl + 0 restaura el tama\u00f1o original del texto<br>Si lo que quiere es anular la hoja de estilos o modificar el color del texto, puede consultar la p\u00e1gina How to Change Text Size or Colors de la WAI, que se puede leer traducida al espa\u00f1ol en \u00bfC\u00f3mo cambiar el tama\u00f1o del texto o colores?<\/p>\n<p><strong>1. AVISO LEGAL:<\/strong><\/p>\n<p>La utilizaci\u00f3n del portal web atribuye la condici\u00f3n de usuario del mismo e implica la aceptaci\u00f3n de todas las condiciones incluidas en el presente Aviso Legal. El usuario se compromete a leer atentamente el presente Aviso Legal en cada una de las ocasiones en que se proponga utilizar nuestro portal web ya que \u00e9ste y sus condiciones de uso recogidas en el presente Aviso Legal pueden sufrir modificaciones.<\/p>\n<p><\/p>\n<p><strong>2. DATOS IDENTIFICATIVOS:<\/strong><\/p>\n<p>En cumplimiento con el deber de informaci\u00f3n recogido en art\u00edculo 10 de la Ley 34\/2002, de 11 de julio, de Servicios de la Sociedad de la Informaci\u00f3n y del Comercio Electr\u00f3nico, a continuaci\u00f3n se reflejan los siguientes datos:<\/p>\n<p>El titular de este sitio web es Recambios Gimo-Sur, con domicilio en Calle \u00c1ngel Palaz\u00f3n Cer\u00f3n, 9 Bajo 1 &#8211; Alcantarilla (Espa\u00f1a).<\/p>\n<p>El acceso al sitio de Recambios Gimo-Sur es gratuito. Todo el contenido es propiedad intelectual de Recambios Gimo-Sur cualquier utilizaci\u00f3n de los mismos contraria a las normas en materia de propiedad intelectual ser\u00e1 perseguida con arreglo a la legislaci\u00f3n vigente.<\/p>\n<p><\/p>\n<p><strong>3. USUARIOS:<\/strong><\/p>\n<p>El acceso y\/o uso de este portal web atribuye la condici\u00f3n de USUARIO, que acepta, desde dicho acceso y\/o uso, las Condiciones Generales de Uso aqu\u00ed reflejadas. Las citadas Condiciones ser\u00e1n de aplicaci\u00f3n independientemente de las Condiciones Generales de Contrataci\u00f3n que en su caso resulten de obligado cumplimiento.<\/p>\n<p><\/p>\n<p><strong>4. USO DEL PORTAL:<\/strong><\/p>\n<p>www.autorecambiosgimosur.com proporciona el acceso a diversas informaciones en relaci\u00f3n a sus servicios, productos, informaci\u00f3n de nuestra entidad, apartados de contacto pertenecientes a Recambios Gimo-Sur.<\/p>\n<p>El usuario asume la responsabilidad del uso del portal. Dicha responsabilidad se extiende al registro o recogida de datos que fuese necesaria para acceder a determinados servicios. En dicho registro el usuario ser\u00e1 responsable de aportar informaci\u00f3n veraz y l\u00edcita.<\/p>\n<p><\/p>\n<p><strong>5. PROPIEDAD INTELECTUAL E INDUSTRIAL:<\/strong><\/p>\n<p>Recambios Gimo-Sur por s\u00ed o como cesionaria, es titular de todos los derechos de propiedad intelectual e industrial de su p\u00e1gina web, as\u00ed como de los elementos contenidos en la misma (a t\u00edtulo enunciativo, im\u00e1genes, sonido, audio, v\u00eddeo, software o textos; marcas o logotipos, combinaciones de colores, estructura y dise\u00f1o, selecci\u00f3n de materiales usados, programas de ordenador necesarios para su funcionamiento, acceso y uso, etc.), titularidad de Recambios Gimo-Sur todos los derechos reservados. En virtud de lo dispuesto en los art\u00edculos 8 y 32.1, p\u00e1rrafo segundo, de la Ley de Propiedad Intelectual, quedan expresamente prohibidas la reproducci\u00f3n, la distribuci\u00f3n y la comunicaci\u00f3n p\u00fablica, incluida su modalidad de puesta a disposici\u00f3n, de la totalidad o parte de los contenidos de esta p\u00e1gina web, con fines comerciales, en cualquier soporte y por cualquier medio t\u00e9cnico, sin la autorizaci\u00f3n de Recambios Gimo-Sur El usuario se compromete a respetar los derechos de Propiedad Intelectual e Industrial titularidad de Recambios Gimo-Sur. La utilizaci\u00f3n no autorizada de la informaci\u00f3n contenida en este Sitio, as\u00ed como los perjuicios ocasionados en los derechos de propiedad intelectual e industrial deRecambios Gimo-Sur pueden dar lugar al ejercicio de las acciones que legalmente correspondan y, si procede, a las responsabilidades que de dicho ejercicio se deriven.<\/p>\n<p><\/p>\n<p><strong>6. MODIFICACIONES:<\/strong><\/p>\n<p>Recambios Gimo-Sur se reserva el derecho de efectuar sin previo aviso las modificaciones que considere oportunas en su portal, pudiendo cambiar, suprimir o a\u00f1adir tanto los contenidos y servicios que se presten a trav\u00e9s de la misma como la forma en la que \u00e9stos aparezcan presentados o localizados en su portal.<\/p>\n<p><\/p>\n<p><strong>7. DERECHO DE EXCLUSI\u00d3N:<\/strong><\/p>\n<p>Recambios Gimo-Sur se reserva el derecho a denegar o retirar el acceso a portal y\/o los servicios ofrecidos sin necesidad de preaviso, a instancia propia o de un tercero, a aquellos usuarios que incumplan las presentes Condiciones Generales de Uso.<\/p>\n<p><\/p>\n<p><strong>8. GENERALIDADES:<\/strong><\/p>\n<p>Recambios Gimo-Sur perseguir\u00e1 el incumplimiento de las presentes condiciones as\u00ed como cualquier utilizaci\u00f3n indebida de su portal ejerciendo todas las acciones civiles y penales que le puedan corresponder en derecho.<\/p>\n<p><\/p>\n<p><strong>9. LEGISLACI\u00d3N APLICABLE:<\/strong><\/p>\n<p>El presente Aviso Legal se rige en todos y cada uno de sus extremos por la legislaci\u00f3n espa\u00f1ola.<\/p>\n<p><\/p>\n<p><strong>LEGISLACI\u00d3N APLICABLE Y JURISDICCI\u00d3N:<\/strong><\/p>\n<p>La relaci\u00f3n entre Recambios Gimo-Sur y el usuario se regir\u00e1 por la normativa espa\u00f1ola vigente y cualquier controversia se someter\u00e1 a los Juzgados y tribunales de Espa\u00f1a.<\/p>\t\t\t\t\t\t\t\t<\/div>\n\t\t\t\t\t<\/div>\n\t\t\t\t<\/div>\n\t\t\t\t<\/div>\n\t\t","protected":false},"excerpt":{"rendered":"<p>autorecambiosgimosur.com se ha comprometido a hacer accesible su sitio web. La presente declaraci\u00f3n de accesibilidad se aplica al sitio web&nbsp;autorecambiosgimosur.com SITUACI\u00d3N DE CUMPLIMIENTO Este sitio web es parcialmente conforme con el&nbsp;RD 1112\/2018&nbsp;debido a las excepciones y a la falta de conformidad de los aspectos que se indican en el siguiente punto. CONTENIDO NO ACCESIBLE El [&hellip;]<\/p>\n","protected":false},"author":1,"featured_media":0,"parent":0,"menu_order":0,"comment_status":"closed","ping_status":"closed","template":"","meta":{"footnotes":""},"class_list":["post-473","page","type-page","status-publish","hentry"],"yoast_head":"<!-- This site is optimized with the Yoast SEO plugin v27.4 - https:\/\/yoast.com\/product\/yoast-seo-wordpress\/ -->\n<title>Accesibilidad - Autorecambios GimoSur<\/title>\n<meta name=\"robots\" content=\"index, follow, max-snippet:-1, max-image-preview:large, max-video-preview:-1\" \/>\n<link rel=\"canonical\" href=\"https:\/\/autorecambiosgimosur.com\/index.php\/accesibilidad\/\" \/>\n<meta property=\"og:locale\" content=\"es_ES\" \/>\n<meta property=\"og:type\" content=\"article\" \/>\n<meta property=\"og:title\" content=\"Accesibilidad - Autorecambios GimoSur\" \/>\n<meta property=\"og:description\" content=\"autorecambiosgimosur.com se ha comprometido a hacer accesible su sitio web. La presente declaraci\u00f3n de accesibilidad se aplica al sitio web&nbsp;autorecambiosgimosur.com SITUACI\u00d3N DE CUMPLIMIENTO Este sitio web es parcialmente conforme con el&nbsp;RD 1112\/2018&nbsp;debido a las excepciones y a la falta de conformidad de los aspectos que se indican en el siguiente punto. CONTENIDO NO ACCESIBLE El [&hellip;]\" \/>\n<meta property=\"og:url\" content=\"https:\/\/autorecambiosgimosur.com\/index.php\/accesibilidad\/\" \/>\n<meta property=\"og:site_name\" content=\"Autorecambios GimoSur\" \/>\n<meta property=\"article:modified_time\" content=\"2026-03-10T09:26:16+00:00\" \/>\n<meta name=\"twitter:card\" content=\"summary_large_image\" \/>\n<meta name=\"twitter:label1\" content=\"Tiempo de lectura\" \/>\n\t<meta name=\"twitter:data1\" content=\"6 minutos\" \/>\n<script type=\"application\/ld+json\" class=\"yoast-schema-graph\">{\"@context\":\"https:\\\/\\\/schema.org\",\"@graph\":[{\"@type\":\"WebPage\",\"@id\":\"https:\\\/\\\/autorecambiosgimosur.com\\\/index.php\\\/accesibilidad\\\/\",\"url\":\"https:\\\/\\\/autorecambiosgimosur.com\\\/index.php\\\/accesibilidad\\\/\",\"name\":\"Accesibilidad - Autorecambios GimoSur\",\"isPartOf\":{\"@id\":\"https:\\\/\\\/autorecambiosgimosur.com\\\/#website\"},\"datePublished\":\"2026-03-10T09:20:44+00:00\",\"dateModified\":\"2026-03-10T09:26:16+00:00\",\"breadcrumb\":{\"@id\":\"https:\\\/\\\/autorecambiosgimosur.com\\\/index.php\\\/accesibilidad\\\/#breadcrumb\"},\"inLanguage\":\"es\",\"potentialAction\":[{\"@type\":\"ReadAction\",\"target\":[\"https:\\\/\\\/autorecambiosgimosur.com\\\/index.php\\\/accesibilidad\\\/\"]}]},{\"@type\":\"BreadcrumbList\",\"@id\":\"https:\\\/\\\/autorecambiosgimosur.com\\\/index.php\\\/accesibilidad\\\/#breadcrumb\",\"itemListElement\":[{\"@type\":\"ListItem\",\"position\":1,\"name\":\"Portada\",\"item\":\"https:\\\/\\\/autorecambiosgimosur.com\\\/\"},{\"@type\":\"ListItem\",\"position\":2,\"name\":\"Accesibilidad\"}]},{\"@type\":\"WebSite\",\"@id\":\"https:\\\/\\\/autorecambiosgimosur.com\\\/#website\",\"url\":\"https:\\\/\\\/autorecambiosgimosur.com\\\/\",\"name\":\"Autorecambios GimoSur\",\"description\":\"Todo tipo de recambios para su veh\u00edculo\",\"publisher\":{\"@id\":\"https:\\\/\\\/autorecambiosgimosur.com\\\/#organization\"},\"potentialAction\":[{\"@type\":\"SearchAction\",\"target\":{\"@type\":\"EntryPoint\",\"urlTemplate\":\"https:\\\/\\\/autorecambiosgimosur.com\\\/?s={search_term_string}\"},\"query-input\":{\"@type\":\"PropertyValueSpecification\",\"valueRequired\":true,\"valueName\":\"search_term_string\"}}],\"inLanguage\":\"es\"},{\"@type\":\"Organization\",\"@id\":\"https:\\\/\\\/autorecambiosgimosur.com\\\/#organization\",\"name\":\"Autorecambios GimoSur\",\"url\":\"https:\\\/\\\/autorecambiosgimosur.com\\\/\",\"logo\":{\"@type\":\"ImageObject\",\"inLanguage\":\"es\",\"@id\":\"https:\\\/\\\/autorecambiosgimosur.com\\\/#\\\/schema\\\/logo\\\/image\\\/\",\"url\":\"https:\\\/\\\/autorecambiosgimosur.com\\\/wp-content\\\/uploads\\\/2025\\\/10\\\/logo-gimo-sur-autorecambios.png\",\"contentUrl\":\"https:\\\/\\\/autorecambiosgimosur.com\\\/wp-content\\\/uploads\\\/2025\\\/10\\\/logo-gimo-sur-autorecambios.png\",\"width\":959,\"height\":299,\"caption\":\"Autorecambios GimoSur\"},\"image\":{\"@id\":\"https:\\\/\\\/autorecambiosgimosur.com\\\/#\\\/schema\\\/logo\\\/image\\\/\"}}]}<\/script>\n<!-- \/ Yoast SEO plugin. -->","yoast_head_json":{"title":"Accesibilidad - Autorecambios GimoSur","robots":{"index":"index","follow":"follow","max-snippet":"max-snippet:-1","max-image-preview":"max-image-preview:large","max-video-preview":"max-video-preview:-1"},"canonical":"https:\/\/autorecambiosgimosur.com\/index.php\/accesibilidad\/","og_locale":"es_ES","og_type":"article","og_title":"Accesibilidad - Autorecambios GimoSur","og_description":"autorecambiosgimosur.com se ha comprometido a hacer accesible su sitio web. La presente declaraci\u00f3n de accesibilidad se aplica al sitio web&nbsp;autorecambiosgimosur.com SITUACI\u00d3N DE CUMPLIMIENTO Este sitio web es parcialmente conforme con el&nbsp;RD 1112\/2018&nbsp;debido a las excepciones y a la falta de conformidad de los aspectos que se indican en el siguiente punto. CONTENIDO NO ACCESIBLE El [&hellip;]","og_url":"https:\/\/autorecambiosgimosur.com\/index.php\/accesibilidad\/","og_site_name":"Autorecambios GimoSur","article_modified_time":"2026-03-10T09:26:16+00:00","twitter_card":"summary_large_image","twitter_misc":{"Tiempo de lectura":"6 minutos"},"schema":{"@context":"https:\/\/schema.org","@graph":[{"@type":"WebPage","@id":"https:\/\/autorecambiosgimosur.com\/index.php\/accesibilidad\/","url":"https:\/\/autorecambiosgimosur.com\/index.php\/accesibilidad\/","name":"Accesibilidad - Autorecambios GimoSur","isPartOf":{"@id":"https:\/\/autorecambiosgimosur.com\/#website"},"datePublished":"2026-03-10T09:20:44+00:00","dateModified":"2026-03-10T09:26:16+00:00","breadcrumb":{"@id":"https:\/\/autorecambiosgimosur.com\/index.php\/accesibilidad\/#breadcrumb"},"inLanguage":"es","potentialAction":[{"@type":"ReadAction","target":["https:\/\/autorecambiosgimosur.com\/index.php\/accesibilidad\/"]}]},{"@type":"BreadcrumbList","@id":"https:\/\/autorecambiosgimosur.com\/index.php\/accesibilidad\/#breadcrumb","itemListElement":[{"@type":"ListItem","position":1,"name":"Portada","item":"https:\/\/autorecambiosgimosur.com\/"},{"@type":"ListItem","position":2,"name":"Accesibilidad"}]},{"@type":"WebSite","@id":"https:\/\/autorecambiosgimosur.com\/#website","url":"https:\/\/autorecambiosgimosur.com\/","name":"Autorecambios GimoSur","description":"Todo tipo de recambios para su veh\u00edculo","publisher":{"@id":"https:\/\/autorecambiosgimosur.com\/#organization"},"potentialAction":[{"@type":"SearchAction","target":{"@type":"EntryPoint","urlTemplate":"https:\/\/autorecambiosgimosur.com\/?s={search_term_string}"},"query-input":{"@type":"PropertyValueSpecification","valueRequired":true,"valueName":"search_term_string"}}],"inLanguage":"es"},{"@type":"Organization","@id":"https:\/\/autorecambiosgimosur.com\/#organization","name":"Autorecambios GimoSur","url":"https:\/\/autorecambiosgimosur.com\/","logo":{"@type":"ImageObject","inLanguage":"es","@id":"https:\/\/autorecambiosgimosur.com\/#\/schema\/logo\/image\/","url":"https:\/\/autorecambiosgimosur.com\/wp-content\/uploads\/2025\/10\/logo-gimo-sur-autorecambios.png","contentUrl":"https:\/\/autorecambiosgimosur.com\/wp-content\/uploads\/2025\/10\/logo-gimo-sur-autorecambios.png","width":959,"height":299,"caption":"Autorecambios GimoSur"},"image":{"@id":"https:\/\/autorecambiosgimosur.com\/#\/schema\/logo\/image\/"}}]}},"_links":{"self":[{"href":"https:\/\/autorecambiosgimosur.com\/index.php\/wp-json\/wp\/v2\/pages\/473","targetHints":{"allow":["GET"]}}],"collection":[{"href":"https:\/\/autorecambiosgimosur.com\/index.php\/wp-json\/wp\/v2\/pages"}],"about":[{"href":"https:\/\/autorecambiosgimosur.com\/index.php\/wp-json\/wp\/v2\/types\/page"}],"author":[{"embeddable":true,"href":"https:\/\/autorecambiosgimosur.com\/index.php\/wp-json\/wp\/v2\/users\/1"}],"replies":[{"embeddable":true,"href":"https:\/\/autorecambiosgimosur.com\/index.php\/wp-json\/wp\/v2\/comments?post=473"}],"version-history":[{"count":5,"href":"https:\/\/autorecambiosgimosur.com\/index.php\/wp-json\/wp\/v2\/pages\/473\/revisions"}],"predecessor-version":[{"id":479,"href":"https:\/\/autorecambiosgimosur.com\/index.php\/wp-json\/wp\/v2\/pages\/473\/revisions\/479"}],"wp:attachment":[{"href":"https:\/\/autorecambiosgimosur.com\/index.php\/wp-json\/wp\/v2\/media?parent=473"}],"curies":[{"name":"wp","href":"https:\/\/api.w.org\/{rel}","templated":true}]}}